{"id":662,"date":"2023-07-23T08:31:17","date_gmt":"2023-07-23T06:31:17","guid":{"rendered":"https:\/\/cammarsens.monsieurcommercial.fr\/?post_type=product&#038;p=662"},"modified":"2023-07-25T16:35:18","modified_gmt":"2023-07-25T14:35:18","slug":"cp-parfums-terre-50ml","status":"publish","type":"product","link":"https:\/\/parfumeriesofragarnce.fr\/index.php\/produit\/cp-parfums-terre-50ml\/","title":{"rendered":"CP Parfums &#8211; Terre 50ml"},"content":{"rendered":"<p>Terre Collection Priv\u00e9e Paris raconte la relation de l\u2019homme \u00e0 la terre, son dialogue humble et harmonieux avec la nature et les \u00e9l\u00e9ments. Terre est le parfum qui relie l\u2019homme \u00e0 ses origines, aux sources de sa puissance et du Cr\u00e9ateur.<\/p>\n<p>La chaleur et la densit\u00e9 des bois associ\u00e9es \u00e0 la douceur du benjoin et \u00e0 l\u2019\u00e9clat du shiso.<\/p>\n","protected":false},"excerpt":{"rendered":"<p>Note de\u00a0t\u00eate :\u00a0Orange, pamplemousse, shiso<\/p>\n<p>Note de c\u0153ur :\u00a0 Notes min\u00e9rales, silex<\/p>\n<p>Note de fond :\u00a0Benjoin, mousse de ch\u00eane, notes bois\u00e9es<\/p>\n","protected":false},"featured_media":663,"comment_status":"open","ping_status":"closed","template":"","meta":[],"product_cat":[27,32],"product_tag":[31,30,33],"class_list":["post-662","product","type-product","status-publish","has-post-thumbnail","hentry","product_cat-collection-privee","product_cat-homme","product_tag-50ml","product_tag-collection-privee","product_tag-homme"],"_links":{"self":[{"href":"https:\/\/parfumeriesofragarnce.fr\/index.php\/wp-json\/wp\/v2\/product\/662"}],"collection":[{"href":"https:\/\/parfumeriesofragarnce.fr\/index.php\/wp-json\/wp\/v2\/product"}],"about":[{"href":"https:\/\/parfumeriesofragarnce.fr\/index.php\/wp-json\/wp\/v2\/types\/product"}],"replies":[{"embeddable":true,"href":"https:\/\/parfumeriesofragarnce.fr\/index.php\/wp-json\/wp\/v2\/comments?post=662"}],"wp:featuredmedia":[{"embeddable":true,"href":"https:\/\/parfumeriesofragarnce.fr\/index.php\/wp-json\/wp\/v2\/media\/663"}],"wp:attachment":[{"href":"https:\/\/parfumeriesofragarnce.fr\/index.php\/wp-json\/wp\/v2\/media?parent=662"}],"wp:term":[{"taxonomy":"product_cat","embeddable":true,"href":"https:\/\/parfumeriesofragarnce.fr\/index.php\/wp-json\/wp\/v2\/product_cat?post=662"},{"taxonomy":"product_tag","embeddable":true,"href":"https:\/\/parfumeriesofragarnce.fr\/index.php\/wp-json\/wp\/v2\/product_tag?post=662"}],"curies":[{"name":"wp","href":"https:\/\/api.w.org\/{rel}","templated":true}]}}