{"id":687,"date":"2023-07-23T20:16:17","date_gmt":"2023-07-23T18:16:17","guid":{"rendered":"https:\/\/cammarsens.monsieurcommercial.fr\/?post_type=product&#038;p=687"},"modified":"2023-07-25T16:35:17","modified_gmt":"2023-07-25T14:35:17","slug":"cp-parfums-bois-50ml","status":"publish","type":"product","link":"https:\/\/parfumeriesofragarnce.fr\/index.php\/produit\/cp-parfums-bois-50ml\/","title":{"rendered":"Cp Parfums &#8211; Bois 50ml"},"content":{"rendered":"<p>Ce parfum a l\u2019\u00e9l\u00e9gance d\u2019un absolu Iris qui se m\u00eale \u00e0 des muscs sensuels, plong\u00e9s dans une myst\u00e9rieuse fum\u00e9e d\u2019encens. C\u2019est une composition contrast\u00e9e qui joue sur une floralit\u00e9 noble, une douceur tendue.<\/p>\n","protected":false},"excerpt":{"rendered":"<ul>\n<li>Note de t\u00eate : Oliban, iris absolu<\/li>\n<li>Note de c\u0153ur : Patchouli d\u2019Indon\u00e9sie<\/li>\n<li>Note de fond : Miel, cuir du Sahara<\/li>\n<\/ul>\n<p>Contenance : 50 ml<\/p>\n","protected":false},"featured_media":688,"comment_status":"open","ping_status":"closed","template":"","meta":[],"product_cat":[27,28,32,34],"product_tag":[31,30,29,33,35],"class_list":["post-687","product","type-product","status-publish","has-post-thumbnail","hentry","product_cat-collection-privee","product_cat-femme","product_cat-homme","product_cat-mixte","product_tag-50ml","product_tag-collection-privee","product_tag-femme","product_tag-homme","product_tag-mixte"],"_links":{"self":[{"href":"https:\/\/parfumeriesofragarnce.fr\/index.php\/wp-json\/wp\/v2\/product\/687"}],"collection":[{"href":"https:\/\/parfumeriesofragarnce.fr\/index.php\/wp-json\/wp\/v2\/product"}],"about":[{"href":"https:\/\/parfumeriesofragarnce.fr\/index.php\/wp-json\/wp\/v2\/types\/product"}],"replies":[{"embeddable":true,"href":"https:\/\/parfumeriesofragarnce.fr\/index.php\/wp-json\/wp\/v2\/comments?post=687"}],"wp:featuredmedia":[{"embeddable":true,"href":"https:\/\/parfumeriesofragarnce.fr\/index.php\/wp-json\/wp\/v2\/media\/688"}],"wp:attachment":[{"href":"https:\/\/parfumeriesofragarnce.fr\/index.php\/wp-json\/wp\/v2\/media?parent=687"}],"wp:term":[{"taxonomy":"product_cat","embeddable":true,"href":"https:\/\/parfumeriesofragarnce.fr\/index.php\/wp-json\/wp\/v2\/product_cat?post=687"},{"taxonomy":"product_tag","embeddable":true,"href":"https:\/\/parfumeriesofragarnce.fr\/index.php\/wp-json\/wp\/v2\/product_tag?post=687"}],"curies":[{"name":"wp","href":"https:\/\/api.w.org\/{rel}","templated":true}]}}