{"id":698,"date":"2023-07-23T21:09:22","date_gmt":"2023-07-23T19:09:22","guid":{"rendered":"https:\/\/cammarsens.monsieurcommercial.fr\/?post_type=product&#038;p=698"},"modified":"2023-07-25T16:35:17","modified_gmt":"2023-07-25T14:35:17","slug":"cp-parfum-velvet-50ml","status":"publish","type":"product","link":"https:\/\/parfumeriesofragarnce.fr\/index.php\/produit\/cp-parfum-velvet-50ml\/","title":{"rendered":"CP Parfum &#8211; Velvet 50ml"},"content":{"rendered":"<p>Parfum Unisexe qui, tel une brise soufflant \u00e0 travers les dunes de sable des d\u00e9serts du Moyen-Orient, engloutit les sens et p\u00e9n\u00e8tre si rapidement et puissamment que la tentation finit par se transformer en une conqu\u00eate r\u00e9confortante. Duba\u00ef \u00e0 votre port\u00e9.<\/p>\n","protected":false},"excerpt":{"rendered":"<p><span class=\"HwtZe\" lang=\"fr\"><span class=\"jCAhz ChMk0b\"><span class=\"ryNqvb\">En t\u00eate : Encens<\/span><\/span><\/span><\/p>\n<p><span class=\"HwtZe\" lang=\"fr\"><span class=\"jCAhz ChMk0b\"><span class=\"ryNqvb\">Au c\u0153ur : Amber, Oud<\/span><\/span><\/span><\/p>\n<p><span class=\"HwtZe\" lang=\"fr\"><span class=\"jCAhz ChMk0b\"><span class=\"ryNqvb\">De fond : Musc<\/span><\/span><\/span><\/p>\n","protected":false},"featured_media":699,"comment_status":"open","ping_status":"closed","template":"","meta":[],"product_cat":[27,28,32,34],"product_tag":[31,30,29,33,35],"class_list":["post-698","product","type-product","status-publish","has-post-thumbnail","hentry","product_cat-collection-privee","product_cat-femme","product_cat-homme","product_cat-mixte","product_tag-50ml","product_tag-collection-privee","product_tag-femme","product_tag-homme","product_tag-mixte","product_shipping_class-poids"],"_links":{"self":[{"href":"https:\/\/parfumeriesofragarnce.fr\/index.php\/wp-json\/wp\/v2\/product\/698"}],"collection":[{"href":"https:\/\/parfumeriesofragarnce.fr\/index.php\/wp-json\/wp\/v2\/product"}],"about":[{"href":"https:\/\/parfumeriesofragarnce.fr\/index.php\/wp-json\/wp\/v2\/types\/product"}],"replies":[{"embeddable":true,"href":"https:\/\/parfumeriesofragarnce.fr\/index.php\/wp-json\/wp\/v2\/comments?post=698"}],"wp:featuredmedia":[{"embeddable":true,"href":"https:\/\/parfumeriesofragarnce.fr\/index.php\/wp-json\/wp\/v2\/media\/699"}],"wp:attachment":[{"href":"https:\/\/parfumeriesofragarnce.fr\/index.php\/wp-json\/wp\/v2\/media?parent=698"}],"wp:term":[{"taxonomy":"product_cat","embeddable":true,"href":"https:\/\/parfumeriesofragarnce.fr\/index.php\/wp-json\/wp\/v2\/product_cat?post=698"},{"taxonomy":"product_tag","embeddable":true,"href":"https:\/\/parfumeriesofragarnce.fr\/index.php\/wp-json\/wp\/v2\/product_tag?post=698"}],"curies":[{"name":"wp","href":"https:\/\/api.w.org\/{rel}","templated":true}]}}